{"id":18705,"date":"2025-01-17T06:39:08","date_gmt":"2025-01-17T06:39:08","guid":{"rendered":"https:\/\/hvr-magnet.com\/?page_id=18705"},"modified":"2025-06-13T07:16:42","modified_gmt":"2025-06-13T07:16:42","slug":"coil-lifting-magnets","status":"publish","type":"page","link":"https:\/\/hvr-magnet.com\/es\/coil-lifting-magnets\/","title":{"rendered":"Imanes de elevaci\u00f3n de bobinas"},"content":{"rendered":"","protected":false},"excerpt":{"rendered":"","protected":false},"author":1,"featured_media":0,"parent":0,"menu_order":0,"comment_status":"closed","ping_status":"closed","template":"product-category3.php","meta":{"_acf_changed":false,"site-sidebar-layout":"default","site-content-layout":"","ast-site-content-layout":"default","site-content-style":"default","site-sidebar-style":"default","ast-global-header-display":"","ast-banner-title-visibility":"","ast-main-header-display":"","ast-hfb-above-header-display":"","ast-hfb-below-header-display":"","ast-hfb-mobile-header-display":"","site-post-title":"","ast-breadcrumbs-content":"","ast-featured-img":"","footer-sml-layout":"","ast-disable-related-posts":"","theme-transparent-header-meta":"default","adv-header-id-meta":"","stick-header-meta":"default","header-above-stick-meta":"","header-main-stick-meta":"","header-below-stick-meta":"","astra-migrate-meta-layouts":"set","ast-page-background-enabled":"default","ast-page-background-meta":{"desktop":{"background-color":"","background-image":"","background-repeat":"repeat","background-position":"center center","background-size":"auto","background-attachment":"scroll","background-type":"","background-media":"","overlay-type":"","overlay-color":"","overlay-opacity":"","overlay-gradient":""},"tablet":{"background-color":"","background-image":"","background-repeat":"repeat","background-position":"center center","background-size":"auto","background-attachment":"scroll","background-type":"","background-media":"","overlay-type":"","overlay-color":"","overlay-opacity":"","overlay-gradient":""},"mobile":{"background-color":"","background-image":"","background-repeat":"repeat","background-position":"center center","background-size":"auto","background-attachment":"scroll","background-type":"","background-media":"","overlay-type":"","overlay-color":"","overlay-opacity":"","overlay-gradient":""}},"ast-content-background-meta":{"desktop":{"background-color":"var(--ast-global-color-5)","background-image":"","background-repeat":"repeat","background-position":"center center","background-size":"auto","background-attachment":"scroll","background-type":"","background-media":"","overlay-type":"","overlay-color":"","overlay-opacity":"","overlay-gradient":""},"tablet":{"background-color":"var(--ast-global-color-5)","background-image":"","background-repeat":"repeat","background-position":"center center","background-size":"auto","background-attachment":"scroll","background-type":"","background-media":"","overlay-type":"","overlay-color":"","overlay-opacity":"","overlay-gradient":""},"mobile":{"background-color":"var(--ast-global-color-5)","background-image":"","background-repeat":"repeat","background-position":"center center","background-size":"auto","background-attachment":"scroll","background-type":"","background-media":"","overlay-type":"","overlay-color":"","overlay-opacity":"","overlay-gradient":""}},"footnotes":""},"class_list":["post-18705","page","type-page","status-publish","hentry"],"acf":[],"yoast_head":"<!-- This site is optimized with the Yoast SEO plugin v27.6 - https:\/\/yoast.com\/product\/yoast-seo-wordpress\/ -->\n<title>Coil Lifting Magnets | Steel Coil Handling-HVR MAG<\/title>\n<meta name=\"description\" content=\"HVR MAG Coil Lifting Magnets secure coil from above, without pressure marks, surface scratches or deformation, not fall off even power off.\" \/>\n<meta name=\"robots\" content=\"index, follow, max-snippet:-1, max-image-preview:large, max-video-preview:-1\" \/>\n<link rel=\"canonical\" href=\"https:\/\/hvr-magnet.com\/es\/coil-lifting-magnets\/\" \/>\n<meta property=\"og:locale\" content=\"es_ES\" \/>\n<meta property=\"og:type\" content=\"article\" \/>\n<meta property=\"og:title\" content=\"Coil Lifting Magnets | Steel Coil Handling-HVR MAG\" \/>\n<meta property=\"og:description\" content=\"HVR MAG Coil Lifting Magnets secure coil from above, without pressure marks, surface scratches or deformation, not fall off even power off.\" \/>\n<meta property=\"og:url\" content=\"https:\/\/hvr-magnet.com\/es\/coil-lifting-magnets\/\" \/>\n<meta property=\"og:site_name\" content=\"HVRMAG\" \/>\n<meta property=\"article:modified_time\" content=\"2025-06-13T07:16:42+00:00\" \/>\n<meta name=\"twitter:card\" content=\"summary_large_image\" \/>\n<script type=\"application\/ld+json\" class=\"yoast-schema-graph\">{\"@context\":\"https:\\\/\\\/schema.org\",\"@graph\":[{\"@type\":\"WebPage\",\"@id\":\"https:\\\/\\\/hvr-magnet.com\\\/coil-lifting-magnets\\\/\",\"url\":\"https:\\\/\\\/hvr-magnet.com\\\/coil-lifting-magnets\\\/\",\"name\":\"Coil Lifting Magnets | Steel Coil Handling-HVR MAG\",\"isPartOf\":{\"@id\":\"https:\\\/\\\/hvr-magnet.com\\\/#website\"},\"datePublished\":\"2025-01-17T06:39:08+00:00\",\"dateModified\":\"2025-06-13T07:16:42+00:00\",\"description\":\"HVR MAG Coil Lifting Magnets secure coil from above, without pressure marks, surface scratches or deformation, not fall off even power off.\",\"breadcrumb\":{\"@id\":\"https:\\\/\\\/hvr-magnet.com\\\/coil-lifting-magnets\\\/#breadcrumb\"},\"inLanguage\":\"es\",\"potentialAction\":[{\"@type\":\"ReadAction\",\"target\":[\"https:\\\/\\\/hvr-magnet.com\\\/coil-lifting-magnets\\\/\"]}]},{\"@type\":\"BreadcrumbList\",\"@id\":\"https:\\\/\\\/hvr-magnet.com\\\/coil-lifting-magnets\\\/#breadcrumb\",\"itemListElement\":[{\"@type\":\"ListItem\",\"position\":1,\"name\":\"Home\",\"item\":\"https:\\\/\\\/hvr-magnet.com\\\/\"},{\"@type\":\"ListItem\",\"position\":2,\"name\":\"Coil Lifting Magnets\"}]},{\"@type\":\"WebSite\",\"@id\":\"https:\\\/\\\/hvr-magnet.com\\\/#website\",\"url\":\"https:\\\/\\\/hvr-magnet.com\\\/\",\"name\":\"HVRMAG\",\"description\":\"Magnetic Solution for Steel Handling\",\"publisher\":{\"@id\":\"https:\\\/\\\/hvr-magnet.com\\\/#organization\"},\"potentialAction\":[{\"@type\":\"SearchAction\",\"target\":{\"@type\":\"EntryPoint\",\"urlTemplate\":\"https:\\\/\\\/hvr-magnet.com\\\/?s={search_term_string}\"},\"query-input\":{\"@type\":\"PropertyValueSpecification\",\"valueRequired\":true,\"valueName\":\"search_term_string\"}}],\"inLanguage\":\"es\"},{\"@type\":\"Organization\",\"@id\":\"https:\\\/\\\/hvr-magnet.com\\\/#organization\",\"name\":\"HVRMAG\",\"url\":\"https:\\\/\\\/hvr-magnet.com\\\/\",\"logo\":{\"@type\":\"ImageObject\",\"inLanguage\":\"es\",\"@id\":\"https:\\\/\\\/hvr-magnet.com\\\/#\\\/schema\\\/logo\\\/image\\\/\",\"url\":\"https:\\\/\\\/hvr-magnet.com\\\/wp-content\\\/uploads\\\/2025\\\/08\\\/23-4.png\",\"contentUrl\":\"https:\\\/\\\/hvr-magnet.com\\\/wp-content\\\/uploads\\\/2025\\\/08\\\/23-4.png\",\"width\":180,\"height\":60,\"caption\":\"HVRMAG\"},\"image\":{\"@id\":\"https:\\\/\\\/hvr-magnet.com\\\/#\\\/schema\\\/logo\\\/image\\\/\"}}]}<\/script>\n<!-- \/ Yoast SEO plugin. -->","yoast_head_json":{"title":"Coil Lifting Magnets | Steel Coil Handling-HVR MAG","description":"HVR MAG Coil Lifting Magnets secure coil from above, without pressure marks, surface scratches or deformation, not fall off even power off.","robots":{"index":"index","follow":"follow","max-snippet":"max-snippet:-1","max-image-preview":"max-image-preview:large","max-video-preview":"max-video-preview:-1"},"canonical":"https:\/\/hvr-magnet.com\/es\/coil-lifting-magnets\/","og_locale":"es_ES","og_type":"article","og_title":"Coil Lifting Magnets | Steel Coil Handling-HVR MAG","og_description":"HVR MAG Coil Lifting Magnets secure coil from above, without pressure marks, surface scratches or deformation, not fall off even power off.","og_url":"https:\/\/hvr-magnet.com\/es\/coil-lifting-magnets\/","og_site_name":"HVRMAG","article_modified_time":"2025-06-13T07:16:42+00:00","twitter_card":"summary_large_image","schema":{"@context":"https:\/\/schema.org","@graph":[{"@type":"WebPage","@id":"https:\/\/hvr-magnet.com\/coil-lifting-magnets\/","url":"https:\/\/hvr-magnet.com\/coil-lifting-magnets\/","name":"Coil Lifting Magnets | Steel Coil Handling-HVR MAG","isPartOf":{"@id":"https:\/\/hvr-magnet.com\/#website"},"datePublished":"2025-01-17T06:39:08+00:00","dateModified":"2025-06-13T07:16:42+00:00","description":"HVR MAG Coil Lifting Magnets secure coil from above, without pressure marks, surface scratches or deformation, not fall off even power off.","breadcrumb":{"@id":"https:\/\/hvr-magnet.com\/coil-lifting-magnets\/#breadcrumb"},"inLanguage":"es","potentialAction":[{"@type":"ReadAction","target":["https:\/\/hvr-magnet.com\/coil-lifting-magnets\/"]}]},{"@type":"BreadcrumbList","@id":"https:\/\/hvr-magnet.com\/coil-lifting-magnets\/#breadcrumb","itemListElement":[{"@type":"ListItem","position":1,"name":"Home","item":"https:\/\/hvr-magnet.com\/"},{"@type":"ListItem","position":2,"name":"Coil Lifting Magnets"}]},{"@type":"WebSite","@id":"https:\/\/hvr-magnet.com\/#website","url":"https:\/\/hvr-magnet.com\/","name":"HVRMAG","description":"Soluci\u00f3n magn\u00e9tica para la manipulaci\u00f3n de acero","publisher":{"@id":"https:\/\/hvr-magnet.com\/#organization"},"potentialAction":[{"@type":"SearchAction","target":{"@type":"EntryPoint","urlTemplate":"https:\/\/hvr-magnet.com\/?s={search_term_string}"},"query-input":{"@type":"PropertyValueSpecification","valueRequired":true,"valueName":"search_term_string"}}],"inLanguage":"es"},{"@type":"Organization","@id":"https:\/\/hvr-magnet.com\/#organization","name":"HVRMAG","url":"https:\/\/hvr-magnet.com\/","logo":{"@type":"ImageObject","inLanguage":"es","@id":"https:\/\/hvr-magnet.com\/#\/schema\/logo\/image\/","url":"https:\/\/hvr-magnet.com\/wp-content\/uploads\/2025\/08\/23-4.png","contentUrl":"https:\/\/hvr-magnet.com\/wp-content\/uploads\/2025\/08\/23-4.png","width":180,"height":60,"caption":"HVRMAG"},"image":{"@id":"https:\/\/hvr-magnet.com\/#\/schema\/logo\/image\/"}}]}},"_links":{"self":[{"href":"https:\/\/hvr-magnet.com\/es\/wp-json\/wp\/v2\/pages\/18705","targetHints":{"allow":["GET"]}}],"collection":[{"href":"https:\/\/hvr-magnet.com\/es\/wp-json\/wp\/v2\/pages"}],"about":[{"href":"https:\/\/hvr-magnet.com\/es\/wp-json\/wp\/v2\/types\/page"}],"author":[{"embeddable":true,"href":"https:\/\/hvr-magnet.com\/es\/wp-json\/wp\/v2\/users\/1"}],"replies":[{"embeddable":true,"href":"https:\/\/hvr-magnet.com\/es\/wp-json\/wp\/v2\/comments?post=18705"}],"version-history":[{"count":15,"href":"https:\/\/hvr-magnet.com\/es\/wp-json\/wp\/v2\/pages\/18705\/revisions"}],"predecessor-version":[{"id":21104,"href":"https:\/\/hvr-magnet.com\/es\/wp-json\/wp\/v2\/pages\/18705\/revisions\/21104"}],"wp:attachment":[{"href":"https:\/\/hvr-magnet.com\/es\/wp-json\/wp\/v2\/media?parent=18705"}],"curies":[{"name":"wp","href":"https:\/\/api.w.org\/{rel}","templated":true}]}}